{"id":29754,"date":"2025-12-05T15:08:55","date_gmt":"2025-12-05T15:08:55","guid":{"rendered":"https:\/\/dev.paneeledeko.de\/?post_type=product&#038;p=29754"},"modified":"2025-12-06T20:45:42","modified_gmt":"2025-12-06T20:45:42","slug":"akustikpaneel-classic-blonde-ash-600260018-mm","status":"publish","type":"product","link":"https:\/\/dev.paneeledeko.de\/en\/product\/akustikpaneel-classic-blonde-ash-600260018-mm\/","title":{"rendered":"Akustikpaneel Classic &#8211; Blonde Ash 600*2600*18 mm"},"content":{"rendered":"<div class=\"prose dark:prose-invert inline leading-relaxed break-words min-w-0 [word-break:break-word] prose-strong:font-medium [&amp;_&gt;*:first-child]:mt-0\">\n<p class=\"my-2 [&amp;+p]:mt-4 [&amp;_strong:has(+br)]:inline-block [&amp;_strong:has(+br)]:pb-2\">Mit den <strong>Paneele Deko<\/strong> in <strong>BLONDE ASH<\/strong> gestalten Sie jeden Raum zu einem stilvollen und harmonischen Highlight. Die <strong>Paneele<\/strong> im Format <strong>260 x 60 cm<\/strong> verbinden modernes Design mit exzellenter Akustik und schaffen eine elegante L\u00f6sung f\u00fcr stilvolle Wohn- und Arbeitsbereiche.<\/p>\n<p class=\"my-2 [&amp;+p]:mt-4 [&amp;_strong:has(+br)]:inline-block [&amp;_strong:has(+br)]:pb-2\">Das helle <strong>BLONDE ASH-Finish<\/strong> verleiht R\u00e4umen eine nat\u00fcrliche, freundliche Atmosph\u00e4re. Die feine Holzmaserung sorgt f\u00fcr einen modernen, nordischen Look, der sich perfekt in zeitgem\u00e4\u00dfe Interieurs einf\u00fcgt.<\/p>\n<p class=\"my-2 [&amp;+p]:mt-4 [&amp;_strong:has(+br)]:inline-block [&amp;_strong:has(+br)]:pb-2\">Neben der ansprechenden Optik \u00fcberzeugen die <strong>Paneele Deko<\/strong> durch hervorragende Schallabsorption \u2013 sie reduzieren Echo, verbessern die Sprachverst\u00e4ndlichkeit und sorgen f\u00fcr ein angenehmes Raumklima.<\/p>\n<p class=\"my-2 [&amp;+p]:mt-4 [&amp;_strong:has(+br)]:inline-block [&amp;_strong:has(+br)]:pb-2\"><strong>Vorteile auf einen Blick:<\/strong><\/p>\n<ul class=\"marker:text-quiet list-disc\">\n<li class=\"py-0 my-0 prose-p:pt-0 prose-p:mb-2 prose-p:my-0 [&amp;&gt;p]:pt-0 [&amp;&gt;p]:mb-2 [&amp;&gt;p]:my-0\">\n<p class=\"my-2 [&amp;+p]:mt-4 [&amp;_strong:has(+br)]:inline-block [&amp;_strong:has(+br)]:pb-2\">Nat\u00fcrliches, modernes <strong>BLONDE ASH-Design<\/strong><\/p>\n<\/li>\n<li class=\"py-0 my-0 prose-p:pt-0 prose-p:mb-2 prose-p:my-0 [&amp;&gt;p]:pt-0 [&amp;&gt;p]:mb-2 [&amp;&gt;p]:my-0\">\n<p class=\"my-2 [&amp;+p]:mt-4 [&amp;_strong:has(+br)]:inline-block [&amp;_strong:has(+br)]:pb-2\">Effektive Schallabsorption f\u00fcr bessere Akustik<\/p>\n<\/li>\n<li class=\"py-0 my-0 prose-p:pt-0 prose-p:mb-2 prose-p:my-0 [&amp;&gt;p]:pt-0 [&amp;&gt;p]:mb-2 [&amp;&gt;p]:my-0\">\n<p class=\"my-2 [&amp;+p]:mt-4 [&amp;_strong:has(+br)]:inline-block [&amp;_strong:has(+br)]:pb-2\">F\u00fcr Wand- und Deckenmontage geeignet<\/p>\n<\/li>\n<li class=\"py-0 my-0 prose-p:pt-0 prose-p:mb-2 prose-p:my-0 [&amp;&gt;p]:pt-0 [&amp;&gt;p]:mb-2 [&amp;&gt;p]:my-0\">\n<p class=\"my-2 [&amp;+p]:mt-4 [&amp;_strong:has(+br)]:inline-block [&amp;_strong:has(+br)]:pb-2\">Ideal f\u00fcr helle, moderne R\u00e4ume<\/p>\n<\/li>\n<li class=\"py-0 my-0 prose-p:pt-0 prose-p:mb-2 prose-p:my-0 [&amp;&gt;p]:pt-0 [&amp;&gt;p]:mb-2 [&amp;&gt;p]:my-0\">\n<p class=\"my-2 [&amp;+p]:mt-4 [&amp;_strong:has(+br)]:inline-block [&amp;_strong:has(+br)]:pb-2\">Easy Installation<\/p>\n<\/li>\n<\/ul>\n<p class=\"my-2 [&amp;+p]:mt-4 [&amp;_strong:has(+br)]:inline-block [&amp;_strong:has(+br)]:pb-2\">Bringen Sie mit den <strong>Paneele Deko BLONDE ASH<\/strong> Stil, Helligkeit und akustische Qualit\u00e4t in Ihr Zuhause oder B\u00fcro.<\/p>\n<\/div>","protected":false},"excerpt":{"rendered":"<p>Mit den Paneele Deko in BLONDE ASH gestalten Sie jeden Raum zu einem stilvollen und harmonischen Highlight. Die Paneele im<\/p>","protected":false},"featured_media":29893,"comment_status":"open","ping_status":"closed","template":"","meta":[],"product_brand":[],"product_cat":[516,515],"product_tag":[],"class_list":{"0":"post-29754","1":"product","2":"type-product","3":"status-publish","4":"has-post-thumbnail","6":"product_cat-pd-akustik-platte","7":"product_cat-pd-wand-paneel","9":"first","10":"instock","11":"shipping-taxable","12":"purchasable","13":"product-type-simple"},"yoast_head":"<!-- This site is optimized with the Yoast SEO plugin v26.5 - https:\/\/yoast.com\/wordpress\/plugins\/seo\/ -->\n<title>Akustikpaneel Classic - Blonde Ash 600*2600*18 mm | Paneele Deko<\/title>\n<meta name=\"robots\" content=\"index, follow, max-snippet:-1, max-image-preview:large, max-video-preview:-1\" \/>\n<link rel=\"canonical\" href=\"https:\/\/dev.paneeledeko.de\/en\/product\/akustikpaneel-classic-blonde-ash-600260018-mm\/\" \/>\n<meta property=\"og:locale\" content=\"en_US\" \/>\n<meta property=\"og:type\" content=\"article\" \/>\n<meta property=\"og:title\" content=\"Akustikpaneel Classic - Blonde Ash 600*2600*18 mm | Paneele Deko\" \/>\n<meta property=\"og:description\" content=\"Mit den Paneele Deko in BLONDE ASH gestalten Sie jeden Raum zu einem stilvollen und harmonischen Highlight. Die Paneele im\" \/>\n<meta property=\"og:url\" content=\"https:\/\/dev.paneeledeko.de\/en\/product\/akustikpaneel-classic-blonde-ash-600260018-mm\/\" \/>\n<meta property=\"og:site_name\" content=\"Paneele Deko\" \/>\n<meta property=\"article:publisher\" content=\"https:\/\/www.facebook.com\/paneeledeko\" \/>\n<meta property=\"article:modified_time\" content=\"2025-12-06T20:45:42+00:00\" \/>\n<meta property=\"og:image\" content=\"https:\/\/dev.paneeledeko.de\/wp-content\/uploads\/2025\/12\/28.jpg\" \/>\n\t<meta property=\"og:image:width\" content=\"1500\" \/>\n\t<meta property=\"og:image:height\" content=\"1500\" \/>\n\t<meta property=\"og:image:type\" content=\"image\/jpeg\" \/>\n<meta name=\"twitter:card\" content=\"summary_large_image\" \/>\n<meta name=\"twitter:label1\" content=\"Est. reading time\" \/>\n\t<meta name=\"twitter:data1\" content=\"1 minute\" \/>\n<script type=\"application\/ld+json\" class=\"yoast-schema-graph\">{\"@context\":\"https:\/\/schema.org\",\"@graph\":[{\"@type\":\"WebPage\",\"@id\":\"https:\/\/dev.paneeledeko.de\/product\/akustikpaneel-classic-blonde-ash-600260018-mm\/\",\"url\":\"https:\/\/dev.paneeledeko.de\/product\/akustikpaneel-classic-blonde-ash-600260018-mm\/\",\"name\":\"Akustikpaneel Classic - Blonde Ash 600*2600*18 mm | Paneele Deko\",\"isPartOf\":{\"@id\":\"https:\/\/dev.paneeledeko.de\/#website\"},\"primaryImageOfPage\":{\"@id\":\"https:\/\/dev.paneeledeko.de\/product\/akustikpaneel-classic-blonde-ash-600260018-mm\/#primaryimage\"},\"image\":{\"@id\":\"https:\/\/dev.paneeledeko.de\/product\/akustikpaneel-classic-blonde-ash-600260018-mm\/#primaryimage\"},\"thumbnailUrl\":\"https:\/\/dev.paneeledeko.de\/wp-content\/uploads\/2025\/12\/28.jpg\",\"datePublished\":\"2025-12-05T15:08:55+00:00\",\"dateModified\":\"2025-12-06T20:45:42+00:00\",\"breadcrumb\":{\"@id\":\"https:\/\/dev.paneeledeko.de\/product\/akustikpaneel-classic-blonde-ash-600260018-mm\/#breadcrumb\"},\"inLanguage\":\"en-US\",\"potentialAction\":[{\"@type\":\"ReadAction\",\"target\":[\"https:\/\/dev.paneeledeko.de\/product\/akustikpaneel-classic-blonde-ash-600260018-mm\/\"]}]},{\"@type\":\"ImageObject\",\"inLanguage\":\"en-US\",\"@id\":\"https:\/\/dev.paneeledeko.de\/product\/akustikpaneel-classic-blonde-ash-600260018-mm\/#primaryimage\",\"url\":\"https:\/\/dev.paneeledeko.de\/wp-content\/uploads\/2025\/12\/28.jpg\",\"contentUrl\":\"https:\/\/dev.paneeledeko.de\/wp-content\/uploads\/2025\/12\/28.jpg\",\"width\":1500,\"height\":1500},{\"@type\":\"BreadcrumbList\",\"@id\":\"https:\/\/dev.paneeledeko.de\/product\/akustikpaneel-classic-blonde-ash-600260018-mm\/#breadcrumb\",\"itemListElement\":[{\"@type\":\"ListItem\",\"position\":1,\"name\":\"Home\",\"item\":\"https:\/\/dev.paneeledeko.de\/\"},{\"@type\":\"ListItem\",\"position\":2,\"name\":\"Produkte\",\"item\":\"https:\/\/dev.paneeledeko.de\/products\/\"},{\"@type\":\"ListItem\",\"position\":3,\"name\":\"Akustikpaneel Classic &#8211; Blonde Ash 600*2600*18 mm\"}]},{\"@type\":\"WebSite\",\"@id\":\"https:\/\/dev.paneeledeko.de\/#website\",\"url\":\"https:\/\/dev.paneeledeko.de\/\",\"name\":\"Paneele Deko\",\"description\":\"\",\"publisher\":{\"@id\":\"https:\/\/dev.paneeledeko.de\/#organization\"},\"potentialAction\":[{\"@type\":\"SearchAction\",\"target\":{\"@type\":\"EntryPoint\",\"urlTemplate\":\"https:\/\/dev.paneeledeko.de\/?s={search_term_string}\"},\"query-input\":{\"@type\":\"PropertyValueSpecification\",\"valueRequired\":true,\"valueName\":\"search_term_string\"}}],\"inLanguage\":\"en-US\"},{\"@type\":\"Organization\",\"@id\":\"https:\/\/dev.paneeledeko.de\/#organization\",\"name\":\"Paneele Deko\",\"url\":\"https:\/\/dev.paneeledeko.de\/\",\"logo\":{\"@type\":\"ImageObject\",\"inLanguage\":\"en-US\",\"@id\":\"https:\/\/dev.paneeledeko.de\/#\/schema\/logo\/image\/\",\"url\":\"https:\/\/dev.paneeledeko.de\/wp-content\/uploads\/2024\/12\/Favicon-3.png\",\"contentUrl\":\"https:\/\/dev.paneeledeko.de\/wp-content\/uploads\/2024\/12\/Favicon-3.png\",\"width\":256,\"height\":256,\"caption\":\"Paneele Deko\"},\"image\":{\"@id\":\"https:\/\/dev.paneeledeko.de\/#\/schema\/logo\/image\/\"},\"sameAs\":[\"https:\/\/www.facebook.com\/paneeledeko\"]}]}<\/script>\n<!-- \/ Yoast SEO plugin. -->","yoast_head_json":{"title":"Akustikpaneel Classic - Blonde Ash 600*2600*18 mm | Paneele Deko","robots":{"index":"index","follow":"follow","max-snippet":"max-snippet:-1","max-image-preview":"max-image-preview:large","max-video-preview":"max-video-preview:-1"},"canonical":"https:\/\/dev.paneeledeko.de\/en\/product\/akustikpaneel-classic-blonde-ash-600260018-mm\/","og_locale":"en_US","og_type":"article","og_title":"Akustikpaneel Classic - Blonde Ash 600*2600*18 mm | Paneele Deko","og_description":"Mit den Paneele Deko in BLONDE ASH gestalten Sie jeden Raum zu einem stilvollen und harmonischen Highlight. Die Paneele im","og_url":"https:\/\/dev.paneeledeko.de\/en\/product\/akustikpaneel-classic-blonde-ash-600260018-mm\/","og_site_name":"Paneele Deko","article_publisher":"https:\/\/www.facebook.com\/paneeledeko","article_modified_time":"2025-12-06T20:45:42+00:00","og_image":[{"width":1500,"height":1500,"url":"https:\/\/dev.paneeledeko.de\/wp-content\/uploads\/2025\/12\/28.jpg","type":"image\/jpeg"}],"twitter_card":"summary_large_image","twitter_misc":{"Est. reading time":"1 minute"},"schema":{"@context":"https:\/\/schema.org","@graph":[{"@type":"WebPage","@id":"https:\/\/dev.paneeledeko.de\/product\/akustikpaneel-classic-blonde-ash-600260018-mm\/","url":"https:\/\/dev.paneeledeko.de\/product\/akustikpaneel-classic-blonde-ash-600260018-mm\/","name":"Akustikpaneel Classic - Blonde Ash 600*2600*18 mm | Paneele Deko","isPartOf":{"@id":"https:\/\/dev.paneeledeko.de\/#website"},"primaryImageOfPage":{"@id":"https:\/\/dev.paneeledeko.de\/product\/akustikpaneel-classic-blonde-ash-600260018-mm\/#primaryimage"},"image":{"@id":"https:\/\/dev.paneeledeko.de\/product\/akustikpaneel-classic-blonde-ash-600260018-mm\/#primaryimage"},"thumbnailUrl":"https:\/\/dev.paneeledeko.de\/wp-content\/uploads\/2025\/12\/28.jpg","datePublished":"2025-12-05T15:08:55+00:00","dateModified":"2025-12-06T20:45:42+00:00","breadcrumb":{"@id":"https:\/\/dev.paneeledeko.de\/product\/akustikpaneel-classic-blonde-ash-600260018-mm\/#breadcrumb"},"inLanguage":"en-US","potentialAction":[{"@type":"ReadAction","target":["https:\/\/dev.paneeledeko.de\/product\/akustikpaneel-classic-blonde-ash-600260018-mm\/"]}]},{"@type":"ImageObject","inLanguage":"en-US","@id":"https:\/\/dev.paneeledeko.de\/product\/akustikpaneel-classic-blonde-ash-600260018-mm\/#primaryimage","url":"https:\/\/dev.paneeledeko.de\/wp-content\/uploads\/2025\/12\/28.jpg","contentUrl":"https:\/\/dev.paneeledeko.de\/wp-content\/uploads\/2025\/12\/28.jpg","width":1500,"height":1500},{"@type":"BreadcrumbList","@id":"https:\/\/dev.paneeledeko.de\/product\/akustikpaneel-classic-blonde-ash-600260018-mm\/#breadcrumb","itemListElement":[{"@type":"ListItem","position":1,"name":"Home","item":"https:\/\/dev.paneeledeko.de\/"},{"@type":"ListItem","position":2,"name":"Produkte","item":"https:\/\/dev.paneeledeko.de\/products\/"},{"@type":"ListItem","position":3,"name":"Akustikpaneel Classic &#8211; Blonde Ash 600*2600*18 mm"}]},{"@type":"WebSite","@id":"https:\/\/dev.paneeledeko.de\/#website","url":"https:\/\/dev.paneeledeko.de\/","name":"Paneele Deko","description":"","publisher":{"@id":"https:\/\/dev.paneeledeko.de\/#organization"},"potentialAction":[{"@type":"SearchAction","target":{"@type":"EntryPoint","urlTemplate":"https:\/\/dev.paneeledeko.de\/?s={search_term_string}"},"query-input":{"@type":"PropertyValueSpecification","valueRequired":true,"valueName":"search_term_string"}}],"inLanguage":"en-US"},{"@type":"Organization","@id":"https:\/\/dev.paneeledeko.de\/#organization","name":"Paneele Deko","url":"https:\/\/dev.paneeledeko.de\/","logo":{"@type":"ImageObject","inLanguage":"en-US","@id":"https:\/\/dev.paneeledeko.de\/#\/schema\/logo\/image\/","url":"https:\/\/dev.paneeledeko.de\/wp-content\/uploads\/2024\/12\/Favicon-3.png","contentUrl":"https:\/\/dev.paneeledeko.de\/wp-content\/uploads\/2024\/12\/Favicon-3.png","width":256,"height":256,"caption":"Paneele Deko"},"image":{"@id":"https:\/\/dev.paneeledeko.de\/#\/schema\/logo\/image\/"},"sameAs":["https:\/\/www.facebook.com\/paneeledeko"]}]}},"_links":{"self":[{"href":"https:\/\/dev.paneeledeko.de\/en\/wp-json\/wp\/v2\/product\/29754","targetHints":{"allow":["GET"]}}],"collection":[{"href":"https:\/\/dev.paneeledeko.de\/en\/wp-json\/wp\/v2\/product"}],"about":[{"href":"https:\/\/dev.paneeledeko.de\/en\/wp-json\/wp\/v2\/types\/product"}],"replies":[{"embeddable":true,"href":"https:\/\/dev.paneeledeko.de\/en\/wp-json\/wp\/v2\/comments?post=29754"}],"version-history":[{"count":1,"href":"https:\/\/dev.paneeledeko.de\/en\/wp-json\/wp\/v2\/product\/29754\/revisions"}],"predecessor-version":[{"id":29756,"href":"https:\/\/dev.paneeledeko.de\/en\/wp-json\/wp\/v2\/product\/29754\/revisions\/29756"}],"wp:featuredmedia":[{"embeddable":true,"href":"https:\/\/dev.paneeledeko.de\/en\/wp-json\/wp\/v2\/media\/29893"}],"wp:attachment":[{"href":"https:\/\/dev.paneeledeko.de\/en\/wp-json\/wp\/v2\/media?parent=29754"}],"wp:term":[{"taxonomy":"product_brand","embeddable":true,"href":"https:\/\/dev.paneeledeko.de\/en\/wp-json\/wp\/v2\/product_brand?post=29754"},{"taxonomy":"product_cat","embeddable":true,"href":"https:\/\/dev.paneeledeko.de\/en\/wp-json\/wp\/v2\/product_cat?post=29754"},{"taxonomy":"product_tag","embeddable":true,"href":"https:\/\/dev.paneeledeko.de\/en\/wp-json\/wp\/v2\/product_tag?post=29754"}],"curies":[{"name":"wp","href":"https:\/\/api.w.org\/{rel}","templated":true}]}}