{"id":29805,"date":"2025-12-05T21:08:24","date_gmt":"2025-12-05T21:08:24","guid":{"rendered":"https:\/\/dev.paneeledeko.de\/?post_type=product&#038;p=29805"},"modified":"2025-12-06T20:52:30","modified_gmt":"2025-12-06T20:52:30","slug":"akustikpaneel-classic-f-grey-rose-wood-001-26060-cm","status":"publish","type":"product","link":"https:\/\/dev.paneeledeko.de\/en\/product\/akustikpaneel-classic-f-grey-rose-wood-001-26060-cm\/","title":{"rendered":"Akustikpaneel Classic \u2013 F Grey Rose Wood 001 260*60 cm"},"content":{"rendered":"<p dir=\"auto\">Die Paneele Deko Akustikpaneele in CLASSIC \u2013 F GREY ROSE WOOD 001 verbinden edle Grau-Ros\u00e9-Holzoptik mit erstklassiger Schallabsorption und verleihen jedem Raum eine moderne, warme Eleganz.<\/p>\n<p dir=\"auto\">Mit 260 x 60 cm und dem raffinierten, grau get\u00f6nten Ros\u00e9holz-Finish schaffen sie eine stilvolle, beruhigende Atmosph\u00e4re \u2013 ideal f\u00fcr Wohnbereiche, B\u00fcros, Hotels oder gehobene Gastronomie.<\/p>\n<p dir=\"auto\">Vorteile im \u00dcberblick:<\/p>\n<ul dir=\"auto\">\n<li>Elegantes Grey Rose Wood-Finish mit warmer Ausstrahlung<\/li>\n<li>Hervorragende Reduktion von Nachhall und St\u00f6rger\u00e4uschen<\/li>\n<li>An Wand und Decke montierbar<\/li>\n<li>Perfekt f\u00fcr moderne, luxuri\u00f6se oder skandinavische Interieurs<\/li>\n<li>Schnelle und einfache Montage<\/li>\n<\/ul>\n<p dir=\"auto\">Mit Paneele Deko CLASSIC \u2013 F GREY ROSE WOOD 001 holen Sie sich edle Holzoptik und besten Akustik-Komfort in einem \u2013 R\u00e4ume, die genauso gut klingen, wie sie aussehen.<\/p>","protected":false},"excerpt":{"rendered":"<p>Die Paneele Deko Akustikpaneele in CLASSIC \u2013 F GREY ROSE WOOD 001 verbinden edle Grau-Ros\u00e9-Holzoptik mit erstklassiger Schallabsorption und verleihen<\/p>","protected":false},"featured_media":29901,"comment_status":"open","ping_status":"closed","template":"","meta":[],"product_brand":[],"product_cat":[516,515],"product_tag":[],"class_list":{"0":"post-29805","1":"product","2":"type-product","3":"status-publish","4":"has-post-thumbnail","6":"product_cat-pd-akustik-platte","7":"product_cat-pd-wand-paneel","9":"first","10":"instock","11":"shipping-taxable","12":"purchasable","13":"product-type-simple"},"yoast_head":"<!-- This site is optimized with the Yoast SEO plugin v26.5 - https:\/\/yoast.com\/wordpress\/plugins\/seo\/ -->\n<title>Akustikpaneel Classic \u2013 F Grey Rose Wood 001 260*60 cm | Paneele Deko<\/title>\n<meta name=\"robots\" content=\"index, follow, max-snippet:-1, max-image-preview:large, max-video-preview:-1\" \/>\n<link rel=\"canonical\" href=\"https:\/\/dev.paneeledeko.de\/en\/product\/akustikpaneel-classic-f-grey-rose-wood-001-26060-cm\/\" \/>\n<meta property=\"og:locale\" content=\"en_US\" \/>\n<meta property=\"og:type\" content=\"article\" \/>\n<meta property=\"og:title\" content=\"Akustikpaneel Classic \u2013 F Grey Rose Wood 001 260*60 cm | Paneele Deko\" \/>\n<meta property=\"og:description\" content=\"Die Paneele Deko Akustikpaneele in CLASSIC \u2013 F GREY ROSE WOOD 001 verbinden edle Grau-Ros\u00e9-Holzoptik mit erstklassiger Schallabsorption und verleihen\" \/>\n<meta property=\"og:url\" content=\"https:\/\/dev.paneeledeko.de\/en\/product\/akustikpaneel-classic-f-grey-rose-wood-001-26060-cm\/\" \/>\n<meta property=\"og:site_name\" content=\"Paneele Deko\" \/>\n<meta property=\"article:publisher\" content=\"https:\/\/www.facebook.com\/paneeledeko\" \/>\n<meta property=\"article:modified_time\" content=\"2025-12-06T20:52:30+00:00\" \/>\n<meta property=\"og:image\" content=\"https:\/\/dev.paneeledeko.de\/wp-content\/uploads\/2025\/12\/12.jpg\" \/>\n\t<meta property=\"og:image:width\" content=\"1500\" \/>\n\t<meta property=\"og:image:height\" content=\"1500\" \/>\n\t<meta property=\"og:image:type\" content=\"image\/jpeg\" \/>\n<meta name=\"twitter:card\" content=\"summary_large_image\" \/>\n<meta name=\"twitter:label1\" content=\"Est. reading time\" \/>\n\t<meta name=\"twitter:data1\" content=\"1 minute\" \/>\n<script type=\"application\/ld+json\" class=\"yoast-schema-graph\">{\"@context\":\"https:\/\/schema.org\",\"@graph\":[{\"@type\":\"WebPage\",\"@id\":\"https:\/\/dev.paneeledeko.de\/product\/akustikpaneel-classic-f-grey-rose-wood-001-26060-cm\/\",\"url\":\"https:\/\/dev.paneeledeko.de\/product\/akustikpaneel-classic-f-grey-rose-wood-001-26060-cm\/\",\"name\":\"Akustikpaneel Classic \u2013 F Grey Rose Wood 001 260*60 cm | Paneele Deko\",\"isPartOf\":{\"@id\":\"https:\/\/dev.paneeledeko.de\/#website\"},\"primaryImageOfPage\":{\"@id\":\"https:\/\/dev.paneeledeko.de\/product\/akustikpaneel-classic-f-grey-rose-wood-001-26060-cm\/#primaryimage\"},\"image\":{\"@id\":\"https:\/\/dev.paneeledeko.de\/product\/akustikpaneel-classic-f-grey-rose-wood-001-26060-cm\/#primaryimage\"},\"thumbnailUrl\":\"https:\/\/dev.paneeledeko.de\/wp-content\/uploads\/2025\/12\/12.jpg\",\"datePublished\":\"2025-12-05T21:08:24+00:00\",\"dateModified\":\"2025-12-06T20:52:30+00:00\",\"breadcrumb\":{\"@id\":\"https:\/\/dev.paneeledeko.de\/product\/akustikpaneel-classic-f-grey-rose-wood-001-26060-cm\/#breadcrumb\"},\"inLanguage\":\"en-US\",\"potentialAction\":[{\"@type\":\"ReadAction\",\"target\":[\"https:\/\/dev.paneeledeko.de\/product\/akustikpaneel-classic-f-grey-rose-wood-001-26060-cm\/\"]}]},{\"@type\":\"ImageObject\",\"inLanguage\":\"en-US\",\"@id\":\"https:\/\/dev.paneeledeko.de\/product\/akustikpaneel-classic-f-grey-rose-wood-001-26060-cm\/#primaryimage\",\"url\":\"https:\/\/dev.paneeledeko.de\/wp-content\/uploads\/2025\/12\/12.jpg\",\"contentUrl\":\"https:\/\/dev.paneeledeko.de\/wp-content\/uploads\/2025\/12\/12.jpg\",\"width\":1500,\"height\":1500},{\"@type\":\"BreadcrumbList\",\"@id\":\"https:\/\/dev.paneeledeko.de\/product\/akustikpaneel-classic-f-grey-rose-wood-001-26060-cm\/#breadcrumb\",\"itemListElement\":[{\"@type\":\"ListItem\",\"position\":1,\"name\":\"Home\",\"item\":\"https:\/\/dev.paneeledeko.de\/\"},{\"@type\":\"ListItem\",\"position\":2,\"name\":\"Produkte\",\"item\":\"https:\/\/dev.paneeledeko.de\/products\/\"},{\"@type\":\"ListItem\",\"position\":3,\"name\":\"Akustikpaneel Classic \u2013 F Grey Rose Wood 001 260*60 cm\"}]},{\"@type\":\"WebSite\",\"@id\":\"https:\/\/dev.paneeledeko.de\/#website\",\"url\":\"https:\/\/dev.paneeledeko.de\/\",\"name\":\"Paneele Deko\",\"description\":\"\",\"publisher\":{\"@id\":\"https:\/\/dev.paneeledeko.de\/#organization\"},\"potentialAction\":[{\"@type\":\"SearchAction\",\"target\":{\"@type\":\"EntryPoint\",\"urlTemplate\":\"https:\/\/dev.paneeledeko.de\/?s={search_term_string}\"},\"query-input\":{\"@type\":\"PropertyValueSpecification\",\"valueRequired\":true,\"valueName\":\"search_term_string\"}}],\"inLanguage\":\"en-US\"},{\"@type\":\"Organization\",\"@id\":\"https:\/\/dev.paneeledeko.de\/#organization\",\"name\":\"Paneele Deko\",\"url\":\"https:\/\/dev.paneeledeko.de\/\",\"logo\":{\"@type\":\"ImageObject\",\"inLanguage\":\"en-US\",\"@id\":\"https:\/\/dev.paneeledeko.de\/#\/schema\/logo\/image\/\",\"url\":\"https:\/\/dev.paneeledeko.de\/wp-content\/uploads\/2024\/12\/Favicon-3.png\",\"contentUrl\":\"https:\/\/dev.paneeledeko.de\/wp-content\/uploads\/2024\/12\/Favicon-3.png\",\"width\":256,\"height\":256,\"caption\":\"Paneele Deko\"},\"image\":{\"@id\":\"https:\/\/dev.paneeledeko.de\/#\/schema\/logo\/image\/\"},\"sameAs\":[\"https:\/\/www.facebook.com\/paneeledeko\"]}]}<\/script>\n<!-- \/ Yoast SEO plugin. -->","yoast_head_json":{"title":"Akustikpaneel Classic \u2013 F Grey Rose Wood 001 260*60 cm | Paneele Deko","robots":{"index":"index","follow":"follow","max-snippet":"max-snippet:-1","max-image-preview":"max-image-preview:large","max-video-preview":"max-video-preview:-1"},"canonical":"https:\/\/dev.paneeledeko.de\/en\/product\/akustikpaneel-classic-f-grey-rose-wood-001-26060-cm\/","og_locale":"en_US","og_type":"article","og_title":"Akustikpaneel Classic \u2013 F Grey Rose Wood 001 260*60 cm | Paneele Deko","og_description":"Die Paneele Deko Akustikpaneele in CLASSIC \u2013 F GREY ROSE WOOD 001 verbinden edle Grau-Ros\u00e9-Holzoptik mit erstklassiger Schallabsorption und verleihen","og_url":"https:\/\/dev.paneeledeko.de\/en\/product\/akustikpaneel-classic-f-grey-rose-wood-001-26060-cm\/","og_site_name":"Paneele Deko","article_publisher":"https:\/\/www.facebook.com\/paneeledeko","article_modified_time":"2025-12-06T20:52:30+00:00","og_image":[{"width":1500,"height":1500,"url":"https:\/\/dev.paneeledeko.de\/wp-content\/uploads\/2025\/12\/12.jpg","type":"image\/jpeg"}],"twitter_card":"summary_large_image","twitter_misc":{"Est. reading time":"1 minute"},"schema":{"@context":"https:\/\/schema.org","@graph":[{"@type":"WebPage","@id":"https:\/\/dev.paneeledeko.de\/product\/akustikpaneel-classic-f-grey-rose-wood-001-26060-cm\/","url":"https:\/\/dev.paneeledeko.de\/product\/akustikpaneel-classic-f-grey-rose-wood-001-26060-cm\/","name":"Akustikpaneel Classic \u2013 F Grey Rose Wood 001 260*60 cm | Paneele Deko","isPartOf":{"@id":"https:\/\/dev.paneeledeko.de\/#website"},"primaryImageOfPage":{"@id":"https:\/\/dev.paneeledeko.de\/product\/akustikpaneel-classic-f-grey-rose-wood-001-26060-cm\/#primaryimage"},"image":{"@id":"https:\/\/dev.paneeledeko.de\/product\/akustikpaneel-classic-f-grey-rose-wood-001-26060-cm\/#primaryimage"},"thumbnailUrl":"https:\/\/dev.paneeledeko.de\/wp-content\/uploads\/2025\/12\/12.jpg","datePublished":"2025-12-05T21:08:24+00:00","dateModified":"2025-12-06T20:52:30+00:00","breadcrumb":{"@id":"https:\/\/dev.paneeledeko.de\/product\/akustikpaneel-classic-f-grey-rose-wood-001-26060-cm\/#breadcrumb"},"inLanguage":"en-US","potentialAction":[{"@type":"ReadAction","target":["https:\/\/dev.paneeledeko.de\/product\/akustikpaneel-classic-f-grey-rose-wood-001-26060-cm\/"]}]},{"@type":"ImageObject","inLanguage":"en-US","@id":"https:\/\/dev.paneeledeko.de\/product\/akustikpaneel-classic-f-grey-rose-wood-001-26060-cm\/#primaryimage","url":"https:\/\/dev.paneeledeko.de\/wp-content\/uploads\/2025\/12\/12.jpg","contentUrl":"https:\/\/dev.paneeledeko.de\/wp-content\/uploads\/2025\/12\/12.jpg","width":1500,"height":1500},{"@type":"BreadcrumbList","@id":"https:\/\/dev.paneeledeko.de\/product\/akustikpaneel-classic-f-grey-rose-wood-001-26060-cm\/#breadcrumb","itemListElement":[{"@type":"ListItem","position":1,"name":"Home","item":"https:\/\/dev.paneeledeko.de\/"},{"@type":"ListItem","position":2,"name":"Produkte","item":"https:\/\/dev.paneeledeko.de\/products\/"},{"@type":"ListItem","position":3,"name":"Akustikpaneel Classic \u2013 F Grey Rose Wood 001 260*60 cm"}]},{"@type":"WebSite","@id":"https:\/\/dev.paneeledeko.de\/#website","url":"https:\/\/dev.paneeledeko.de\/","name":"Paneele Deko","description":"","publisher":{"@id":"https:\/\/dev.paneeledeko.de\/#organization"},"potentialAction":[{"@type":"SearchAction","target":{"@type":"EntryPoint","urlTemplate":"https:\/\/dev.paneeledeko.de\/?s={search_term_string}"},"query-input":{"@type":"PropertyValueSpecification","valueRequired":true,"valueName":"search_term_string"}}],"inLanguage":"en-US"},{"@type":"Organization","@id":"https:\/\/dev.paneeledeko.de\/#organization","name":"Paneele Deko","url":"https:\/\/dev.paneeledeko.de\/","logo":{"@type":"ImageObject","inLanguage":"en-US","@id":"https:\/\/dev.paneeledeko.de\/#\/schema\/logo\/image\/","url":"https:\/\/dev.paneeledeko.de\/wp-content\/uploads\/2024\/12\/Favicon-3.png","contentUrl":"https:\/\/dev.paneeledeko.de\/wp-content\/uploads\/2024\/12\/Favicon-3.png","width":256,"height":256,"caption":"Paneele Deko"},"image":{"@id":"https:\/\/dev.paneeledeko.de\/#\/schema\/logo\/image\/"},"sameAs":["https:\/\/www.facebook.com\/paneeledeko"]}]}},"_links":{"self":[{"href":"https:\/\/dev.paneeledeko.de\/en\/wp-json\/wp\/v2\/product\/29805","targetHints":{"allow":["GET"]}}],"collection":[{"href":"https:\/\/dev.paneeledeko.de\/en\/wp-json\/wp\/v2\/product"}],"about":[{"href":"https:\/\/dev.paneeledeko.de\/en\/wp-json\/wp\/v2\/types\/product"}],"replies":[{"embeddable":true,"href":"https:\/\/dev.paneeledeko.de\/en\/wp-json\/wp\/v2\/comments?post=29805"}],"version-history":[{"count":3,"href":"https:\/\/dev.paneeledeko.de\/en\/wp-json\/wp\/v2\/product\/29805\/revisions"}],"predecessor-version":[{"id":29897,"href":"https:\/\/dev.paneeledeko.de\/en\/wp-json\/wp\/v2\/product\/29805\/revisions\/29897"}],"wp:featuredmedia":[{"embeddable":true,"href":"https:\/\/dev.paneeledeko.de\/en\/wp-json\/wp\/v2\/media\/29901"}],"wp:attachment":[{"href":"https:\/\/dev.paneeledeko.de\/en\/wp-json\/wp\/v2\/media?parent=29805"}],"wp:term":[{"taxonomy":"product_brand","embeddable":true,"href":"https:\/\/dev.paneeledeko.de\/en\/wp-json\/wp\/v2\/product_brand?post=29805"},{"taxonomy":"product_cat","embeddable":true,"href":"https:\/\/dev.paneeledeko.de\/en\/wp-json\/wp\/v2\/product_cat?post=29805"},{"taxonomy":"product_tag","embeddable":true,"href":"https:\/\/dev.paneeledeko.de\/en\/wp-json\/wp\/v2\/product_tag?post=29805"}],"curies":[{"name":"wp","href":"https:\/\/api.w.org\/{rel}","templated":true}]}}