{"id":30072,"date":"2025-12-07T15:29:55","date_gmt":"2025-12-07T15:29:55","guid":{"rendered":"https:\/\/dev.paneeledeko.de\/?post_type=product&#038;p=30072"},"modified":"2025-12-09T13:28:21","modified_gmt":"2025-12-09T13:28:21","slug":"pvc-paneel-marmor-3","status":"publish","type":"product","link":"https:\/\/dev.paneeledeko.de\/en\/product\/pvc-paneel-marmor-3\/","title":{"rendered":"PVC-Marmorplatte \u2013 (Minimalistische graue)"},"content":{"rendered":"<p dir=\"auto\">Die Paneele Deko PVC-Wandpaneele in Minimalistische graue Hochglanz verwandeln Ihre R\u00e4ume in ein modernes, elegantes und absolut pflegeleichtes Ambiente.<\/p>\n<p dir=\"auto\">Mit gro\u00dfz\u00fcgigen Ma\u00dfen von 260 x 122 cm erm\u00f6glichen sie eine schnelle, nahezu fugenlose Verkleidung gro\u00dfer Fl\u00e4chen \u2013 perfekt f\u00fcr Bad, K\u00fcche, Flur, Gewerber\u00e4ume und mehr.<\/p>\n<p dir=\"auto\">Die k\u00fchle Marmor-Grau-Optik mit feiner Maserung und hochgl\u00e4nzendem Finish bringt edle Tiefe und lichtreflektierenden Glanz in jeden Raum.<\/p>\n<p dir=\"auto\">Vorteile im \u00dcberblick:<\/p>\n<ul dir=\"auto\">\n<li>Elegante Marmor-Grau Hochglanz-Optik<\/li>\n<li>Gro\u00dfformat 260 x 122 cm f\u00fcr schnelle Montage<\/li>\n<li>100 % wasserfest &amp; feuchtraumgeeignet<\/li>\n<li>Pflegeleicht, hygienisch, sto\u00df- und UV-best\u00e4ndig<\/li>\n<li>Einfache Montage ohne Fugen &amp; Spezialwerkzeug<\/li>\n<li>Ideal f\u00fcr Wohn-, Arbeits- und Gesch\u00e4ftsr\u00e4ume<\/li>\n<\/ul>\n<p dir=\"auto\">Mit Paneele Deko Minimalistische graue Hochglanz holen Sie sich luxuri\u00f6se Marmor-Optik und praktische Alltagstauglichkeit in einem \u2013 stilvoll, gl\u00e4nzend und kinderleicht zu reinigen.<\/p>","protected":false},"excerpt":{"rendered":"<p>Die Paneele Deko PVC-Wandpaneele in Minimalistische graue Hochglanz verwandeln Ihre R\u00e4ume in ein modernes, elegantes und absolut pflegeleichtes Ambiente. Mit<\/p>","protected":false},"featured_media":29994,"comment_status":"open","ping_status":"closed","template":"","meta":[],"product_brand":[],"product_cat":[524,515],"product_tag":[],"class_list":{"0":"post-30072","1":"product","2":"type-product","3":"status-publish","4":"has-post-thumbnail","6":"product_cat-pd-pvc-marmor-glanzplatte","7":"product_cat-pd-wand-paneel","9":"first","10":"instock","11":"shipping-taxable","12":"purchasable","13":"product-type-simple"},"yoast_head":"<!-- This site is optimized with the Yoast SEO plugin v26.5 - https:\/\/yoast.com\/wordpress\/plugins\/seo\/ -->\n<title>PVC-Marmorplatte \u2013 (Minimalistische graue) | Paneele Deko<\/title>\n<meta name=\"robots\" content=\"index, follow, max-snippet:-1, max-image-preview:large, max-video-preview:-1\" \/>\n<link rel=\"canonical\" href=\"https:\/\/dev.paneeledeko.de\/en\/product\/pvc-paneel-marmor-3\/\" \/>\n<meta property=\"og:locale\" content=\"en_US\" \/>\n<meta property=\"og:type\" content=\"article\" \/>\n<meta property=\"og:title\" content=\"PVC-Marmorplatte \u2013 (Minimalistische graue) | Paneele Deko\" \/>\n<meta property=\"og:description\" content=\"Die Paneele Deko PVC-Wandpaneele in Minimalistische graue Hochglanz verwandeln Ihre R\u00e4ume in ein modernes, elegantes und absolut pflegeleichtes Ambiente. Mit\" \/>\n<meta property=\"og:url\" content=\"https:\/\/dev.paneeledeko.de\/en\/product\/pvc-paneel-marmor-3\/\" \/>\n<meta property=\"og:site_name\" content=\"Paneele Deko\" \/>\n<meta property=\"article:publisher\" content=\"https:\/\/www.facebook.com\/paneeledeko\" \/>\n<meta property=\"article:modified_time\" content=\"2025-12-09T13:28:21+00:00\" \/>\n<meta property=\"og:image\" content=\"https:\/\/dev.paneeledeko.de\/wp-content\/uploads\/2025\/12\/10-1.jpg\" \/>\n\t<meta property=\"og:image:width\" content=\"2000\" \/>\n\t<meta property=\"og:image:height\" content=\"2000\" \/>\n\t<meta property=\"og:image:type\" content=\"image\/jpeg\" \/>\n<meta name=\"twitter:card\" content=\"summary_large_image\" \/>\n<meta name=\"twitter:label1\" content=\"Est. reading time\" \/>\n\t<meta name=\"twitter:data1\" content=\"1 minute\" \/>\n<script type=\"application\/ld+json\" class=\"yoast-schema-graph\">{\"@context\":\"https:\/\/schema.org\",\"@graph\":[{\"@type\":\"WebPage\",\"@id\":\"https:\/\/dev.paneeledeko.de\/product\/pvc-paneel-marmor-3\/\",\"url\":\"https:\/\/dev.paneeledeko.de\/product\/pvc-paneel-marmor-3\/\",\"name\":\"PVC-Marmorplatte \u2013 (Minimalistische graue) | Paneele Deko\",\"isPartOf\":{\"@id\":\"https:\/\/dev.paneeledeko.de\/#website\"},\"primaryImageOfPage\":{\"@id\":\"https:\/\/dev.paneeledeko.de\/product\/pvc-paneel-marmor-3\/#primaryimage\"},\"image\":{\"@id\":\"https:\/\/dev.paneeledeko.de\/product\/pvc-paneel-marmor-3\/#primaryimage\"},\"thumbnailUrl\":\"https:\/\/dev.paneeledeko.de\/wp-content\/uploads\/2025\/12\/10-1.jpg\",\"datePublished\":\"2025-12-07T15:29:55+00:00\",\"dateModified\":\"2025-12-09T13:28:21+00:00\",\"breadcrumb\":{\"@id\":\"https:\/\/dev.paneeledeko.de\/product\/pvc-paneel-marmor-3\/#breadcrumb\"},\"inLanguage\":\"en-US\",\"potentialAction\":[{\"@type\":\"ReadAction\",\"target\":[\"https:\/\/dev.paneeledeko.de\/product\/pvc-paneel-marmor-3\/\"]}]},{\"@type\":\"ImageObject\",\"inLanguage\":\"en-US\",\"@id\":\"https:\/\/dev.paneeledeko.de\/product\/pvc-paneel-marmor-3\/#primaryimage\",\"url\":\"https:\/\/dev.paneeledeko.de\/wp-content\/uploads\/2025\/12\/10-1.jpg\",\"contentUrl\":\"https:\/\/dev.paneeledeko.de\/wp-content\/uploads\/2025\/12\/10-1.jpg\",\"width\":2000,\"height\":2000},{\"@type\":\"BreadcrumbList\",\"@id\":\"https:\/\/dev.paneeledeko.de\/product\/pvc-paneel-marmor-3\/#breadcrumb\",\"itemListElement\":[{\"@type\":\"ListItem\",\"position\":1,\"name\":\"Home\",\"item\":\"https:\/\/dev.paneeledeko.de\/\"},{\"@type\":\"ListItem\",\"position\":2,\"name\":\"Produkte\",\"item\":\"https:\/\/dev.paneeledeko.de\/products\/\"},{\"@type\":\"ListItem\",\"position\":3,\"name\":\"PVC-Marmorplatte \u2013 (Minimalistische graue)\"}]},{\"@type\":\"WebSite\",\"@id\":\"https:\/\/dev.paneeledeko.de\/#website\",\"url\":\"https:\/\/dev.paneeledeko.de\/\",\"name\":\"Paneele Deko\",\"description\":\"\",\"publisher\":{\"@id\":\"https:\/\/dev.paneeledeko.de\/#organization\"},\"potentialAction\":[{\"@type\":\"SearchAction\",\"target\":{\"@type\":\"EntryPoint\",\"urlTemplate\":\"https:\/\/dev.paneeledeko.de\/?s={search_term_string}\"},\"query-input\":{\"@type\":\"PropertyValueSpecification\",\"valueRequired\":true,\"valueName\":\"search_term_string\"}}],\"inLanguage\":\"en-US\"},{\"@type\":\"Organization\",\"@id\":\"https:\/\/dev.paneeledeko.de\/#organization\",\"name\":\"Paneele Deko\",\"url\":\"https:\/\/dev.paneeledeko.de\/\",\"logo\":{\"@type\":\"ImageObject\",\"inLanguage\":\"en-US\",\"@id\":\"https:\/\/dev.paneeledeko.de\/#\/schema\/logo\/image\/\",\"url\":\"https:\/\/dev.paneeledeko.de\/wp-content\/uploads\/2024\/12\/Favicon-3.png\",\"contentUrl\":\"https:\/\/dev.paneeledeko.de\/wp-content\/uploads\/2024\/12\/Favicon-3.png\",\"width\":256,\"height\":256,\"caption\":\"Paneele Deko\"},\"image\":{\"@id\":\"https:\/\/dev.paneeledeko.de\/#\/schema\/logo\/image\/\"},\"sameAs\":[\"https:\/\/www.facebook.com\/paneeledeko\"]}]}<\/script>\n<!-- \/ Yoast SEO plugin. -->","yoast_head_json":{"title":"PVC-Marmorplatte \u2013 (Minimalistische graue) | Paneele Deko","robots":{"index":"index","follow":"follow","max-snippet":"max-snippet:-1","max-image-preview":"max-image-preview:large","max-video-preview":"max-video-preview:-1"},"canonical":"https:\/\/dev.paneeledeko.de\/en\/product\/pvc-paneel-marmor-3\/","og_locale":"en_US","og_type":"article","og_title":"PVC-Marmorplatte \u2013 (Minimalistische graue) | Paneele Deko","og_description":"Die Paneele Deko PVC-Wandpaneele in Minimalistische graue Hochglanz verwandeln Ihre R\u00e4ume in ein modernes, elegantes und absolut pflegeleichtes Ambiente. Mit","og_url":"https:\/\/dev.paneeledeko.de\/en\/product\/pvc-paneel-marmor-3\/","og_site_name":"Paneele Deko","article_publisher":"https:\/\/www.facebook.com\/paneeledeko","article_modified_time":"2025-12-09T13:28:21+00:00","og_image":[{"width":2000,"height":2000,"url":"https:\/\/dev.paneeledeko.de\/wp-content\/uploads\/2025\/12\/10-1.jpg","type":"image\/jpeg"}],"twitter_card":"summary_large_image","twitter_misc":{"Est. reading time":"1 minute"},"schema":{"@context":"https:\/\/schema.org","@graph":[{"@type":"WebPage","@id":"https:\/\/dev.paneeledeko.de\/product\/pvc-paneel-marmor-3\/","url":"https:\/\/dev.paneeledeko.de\/product\/pvc-paneel-marmor-3\/","name":"PVC-Marmorplatte \u2013 (Minimalistische graue) | Paneele Deko","isPartOf":{"@id":"https:\/\/dev.paneeledeko.de\/#website"},"primaryImageOfPage":{"@id":"https:\/\/dev.paneeledeko.de\/product\/pvc-paneel-marmor-3\/#primaryimage"},"image":{"@id":"https:\/\/dev.paneeledeko.de\/product\/pvc-paneel-marmor-3\/#primaryimage"},"thumbnailUrl":"https:\/\/dev.paneeledeko.de\/wp-content\/uploads\/2025\/12\/10-1.jpg","datePublished":"2025-12-07T15:29:55+00:00","dateModified":"2025-12-09T13:28:21+00:00","breadcrumb":{"@id":"https:\/\/dev.paneeledeko.de\/product\/pvc-paneel-marmor-3\/#breadcrumb"},"inLanguage":"en-US","potentialAction":[{"@type":"ReadAction","target":["https:\/\/dev.paneeledeko.de\/product\/pvc-paneel-marmor-3\/"]}]},{"@type":"ImageObject","inLanguage":"en-US","@id":"https:\/\/dev.paneeledeko.de\/product\/pvc-paneel-marmor-3\/#primaryimage","url":"https:\/\/dev.paneeledeko.de\/wp-content\/uploads\/2025\/12\/10-1.jpg","contentUrl":"https:\/\/dev.paneeledeko.de\/wp-content\/uploads\/2025\/12\/10-1.jpg","width":2000,"height":2000},{"@type":"BreadcrumbList","@id":"https:\/\/dev.paneeledeko.de\/product\/pvc-paneel-marmor-3\/#breadcrumb","itemListElement":[{"@type":"ListItem","position":1,"name":"Home","item":"https:\/\/dev.paneeledeko.de\/"},{"@type":"ListItem","position":2,"name":"Produkte","item":"https:\/\/dev.paneeledeko.de\/products\/"},{"@type":"ListItem","position":3,"name":"PVC-Marmorplatte \u2013 (Minimalistische graue)"}]},{"@type":"WebSite","@id":"https:\/\/dev.paneeledeko.de\/#website","url":"https:\/\/dev.paneeledeko.de\/","name":"Paneele Deko","description":"","publisher":{"@id":"https:\/\/dev.paneeledeko.de\/#organization"},"potentialAction":[{"@type":"SearchAction","target":{"@type":"EntryPoint","urlTemplate":"https:\/\/dev.paneeledeko.de\/?s={search_term_string}"},"query-input":{"@type":"PropertyValueSpecification","valueRequired":true,"valueName":"search_term_string"}}],"inLanguage":"en-US"},{"@type":"Organization","@id":"https:\/\/dev.paneeledeko.de\/#organization","name":"Paneele Deko","url":"https:\/\/dev.paneeledeko.de\/","logo":{"@type":"ImageObject","inLanguage":"en-US","@id":"https:\/\/dev.paneeledeko.de\/#\/schema\/logo\/image\/","url":"https:\/\/dev.paneeledeko.de\/wp-content\/uploads\/2024\/12\/Favicon-3.png","contentUrl":"https:\/\/dev.paneeledeko.de\/wp-content\/uploads\/2024\/12\/Favicon-3.png","width":256,"height":256,"caption":"Paneele Deko"},"image":{"@id":"https:\/\/dev.paneeledeko.de\/#\/schema\/logo\/image\/"},"sameAs":["https:\/\/www.facebook.com\/paneeledeko"]}]}},"_links":{"self":[{"href":"https:\/\/dev.paneeledeko.de\/en\/wp-json\/wp\/v2\/product\/30072","targetHints":{"allow":["GET"]}}],"collection":[{"href":"https:\/\/dev.paneeledeko.de\/en\/wp-json\/wp\/v2\/product"}],"about":[{"href":"https:\/\/dev.paneeledeko.de\/en\/wp-json\/wp\/v2\/types\/product"}],"replies":[{"embeddable":true,"href":"https:\/\/dev.paneeledeko.de\/en\/wp-json\/wp\/v2\/comments?post=30072"}],"version-history":[{"count":5,"href":"https:\/\/dev.paneeledeko.de\/en\/wp-json\/wp\/v2\/product\/30072\/revisions"}],"predecessor-version":[{"id":30244,"href":"https:\/\/dev.paneeledeko.de\/en\/wp-json\/wp\/v2\/product\/30072\/revisions\/30244"}],"wp:featuredmedia":[{"embeddable":true,"href":"https:\/\/dev.paneeledeko.de\/en\/wp-json\/wp\/v2\/media\/29994"}],"wp:attachment":[{"href":"https:\/\/dev.paneeledeko.de\/en\/wp-json\/wp\/v2\/media?parent=30072"}],"wp:term":[{"taxonomy":"product_brand","embeddable":true,"href":"https:\/\/dev.paneeledeko.de\/en\/wp-json\/wp\/v2\/product_brand?post=30072"},{"taxonomy":"product_cat","embeddable":true,"href":"https:\/\/dev.paneeledeko.de\/en\/wp-json\/wp\/v2\/product_cat?post=30072"},{"taxonomy":"product_tag","embeddable":true,"href":"https:\/\/dev.paneeledeko.de\/en\/wp-json\/wp\/v2\/product_tag?post=30072"}],"curies":[{"name":"wp","href":"https:\/\/api.w.org\/{rel}","templated":true}]}}